{"id":662,"date":"2022-02-01T06:58:23","date_gmt":"2022-02-01T04:58:23","guid":{"rendered":"https:\/\/vikommarina.sivustamo.dev\/startsida\/"},"modified":"2025-06-09T10:10:46","modified_gmt":"2025-06-09T07:10:46","slug":"startsida","status":"publish","type":"page","link":"https:\/\/vikommarina.fi\/sv\/","title":{"rendered":"Startsida"},"content":{"rendered":"\t\t<div data-elementor-type=\"wp-page\" data-elementor-id=\"662\" class=\"elementor elementor-662 elementor-2\" data-elementor-post-type=\"page\">\n\t\t\t\t<div class=\"elementor-element elementor-element-3d46dab e-con-full e-flex e-con e-parent\" data-id=\"3d46dab\" data-element_type=\"container\" data-e-type=\"container\" data-settings=\"{&quot;jet_parallax_layout_list&quot;:[]}\">\n\t\t<div class=\"elementor-element elementor-element-3fc77c8 e-con-full e-flex e-con e-child\" data-id=\"3fc77c8\" data-element_type=\"container\" data-e-type=\"container\" data-settings=\"{&quot;jet_parallax_layout_list&quot;:[],&quot;background_background&quot;:&quot;classic&quot;}\">\n\t\t<div class=\"elementor-element elementor-element-a8159e2 e-con-full e-flex e-con e-child\" data-id=\"a8159e2\" data-element_type=\"container\" data-e-type=\"container\" data-settings=\"{&quot;jet_parallax_layout_list&quot;:[],&quot;background_background&quot;:&quot;classic&quot;}\">\n\t\t\t\t<div class=\"elementor-element elementor-element-e79f153 elementor-widget elementor-widget-heading\" data-id=\"e79f153\" data-element_type=\"widget\" data-e-type=\"widget\" data-widget_type=\"heading.default\">\n\t\t\t\t<div class=\"elementor-widget-container\">\n\t\t\t\t\t<h1 class=\"elementor-heading-title elementor-size-default\">P\u00e5litlig service f\u00f6r b\u00e5tdockning och underh\u00e5ll i Nauvo<\/h1>\t\t\t\t<\/div>\n\t\t\t\t<\/div>\n\t\t\t\t<\/div>\n\t\t<a class=\"elementor-element elementor-element-8025419 e-con-full e-flex e-con e-child\" data-id=\"8025419\" data-element_type=\"container\" data-e-type=\"container\" data-settings=\"{&quot;jet_parallax_layout_list&quot;:[],&quot;background_background&quot;:&quot;classic&quot;}\" href=\"#ingressi\">\n\t\t\t\t<div class=\"elementor-element elementor-element-951780e elementor-view-default elementor-widget elementor-widget-icon\" data-id=\"951780e\" data-element_type=\"widget\" data-e-type=\"widget\" data-widget_type=\"icon.default\">\n\t\t\t\t<div class=\"elementor-widget-container\">\n\t\t\t\t\t\t\t<div class=\"elementor-icon-wrapper\">\n\t\t\t<div class=\"elementor-icon\">\n\t\t\t<svg xmlns=\"http:\/\/www.w3.org\/2000\/svg\" width=\"11.894\" height=\"13.145\" viewBox=\"0 0 11.894 13.145\"><path id=\"Union_1\" data-name=\"Union 1\" d=\"M0,11.531,1.614,9.917l4.334,4.334,4.334-4.333,1.613,1.613L5.947,17.478ZM0,5.946,1.614,4.333,5.947,8.667l4.334-4.333,1.613,1.614L5.947,11.894Z\" transform=\"translate(0 -4.333)\"><\/path><\/svg>\t\t\t<\/div>\n\t\t<\/div>\n\t\t\t\t\t\t<\/div>\n\t\t\t\t<\/div>\n\t\t\t\t<\/a>\n\t\t\t\t<\/div>\n\t\t\t\t<\/div>\n\t\t<div class=\"elementor-element elementor-element-00cfdd2 osiomargin e-flex e-con-boxed e-con e-parent\" data-id=\"00cfdd2\" data-element_type=\"container\" data-e-type=\"container\" id=\"ingressi\" data-settings=\"{&quot;jet_parallax_layout_list&quot;:[]}\">\n\t\t\t\t\t<div class=\"e-con-inner\">\n\t\t\t\t<div class=\"elementor-element elementor-element-2f7f8d6 elementor-widget elementor-widget-heading\" data-id=\"2f7f8d6\" data-element_type=\"widget\" data-e-type=\"widget\" data-widget_type=\"heading.default\">\n\t\t\t\t<div class=\"elementor-widget-container\">\n\t\t\t\t\t<h2 class=\"elementor-heading-title elementor-size-default\">Vikom Marina<\/h2>\t\t\t\t<\/div>\n\t\t\t\t<\/div>\n\t\t\t\t<div class=\"elementor-element elementor-element-80d521f elementor-widget elementor-widget-text-editor\" data-id=\"80d521f\" data-element_type=\"widget\" data-e-type=\"widget\" data-widget_type=\"text-editor.default\">\n\t\t\t\t<div class=\"elementor-widget-container\">\n\t\t\t\t\t\t\t\t\t<p>Vikom \u00e4r ett familjef\u00f6retag baserat i Nauvoo, Finland, som har tillhandah\u00e5llit f\u00f6rvaring och underh\u00e5llstj\u00e4nster f\u00f6r fritidsb\u00e5tar i n\u00e4stan 40 \u00e5r. Nu st\u00e5r n\u00e4sta generation vid rodret och kombinerar tradition och moderna l\u00f6sningar till f\u00f6rm\u00e5n f\u00f6r b\u00e5tfolket. Med ett brett utbud av f\u00f6rvaringsalternativ &#8211; varm bod, kall bod, utomhusf\u00f6rvaring och hyllf\u00f6rvaring &#8211; \u00e4r din b\u00e5t s\u00e4ker \u00e5ret runt. Vikom investerar i kvalitet, kundservice och h\u00e5llbarhet f\u00f6r att s\u00e4kerst\u00e4lla att din b\u00e5t f\u00e5r b\u00e4sta m\u00f6jliga v\u00e5rd.   <\/p>\t\t\t\t\t\t\t\t<\/div>\n\t\t\t\t<\/div>\n\t\t\t\t\t<\/div>\n\t\t\t\t<\/div>\n\t\t<div class=\"elementor-element elementor-element-b9b49e7 e-con-full e-flex e-con e-parent\" data-id=\"b9b49e7\" data-element_type=\"container\" data-e-type=\"container\" data-settings=\"{&quot;jet_parallax_layout_list&quot;:[]}\">\n\t\t\t\t<div class=\"elementor-element elementor-element-9409e97 elementor-widget elementor-widget-template\" data-id=\"9409e97\" data-element_type=\"widget\" data-e-type=\"widget\" data-widget_type=\"template.default\">\n\t\t\t\t<div class=\"elementor-widget-container\">\n\t\t\t\t\t\t\t<div class=\"elementor-template\">\n\t\t\t\t\t<div data-elementor-type=\"container\" data-elementor-id=\"690\" class=\"elementor elementor-690 elementor-440 elementor-440\" data-elementor-post-type=\"elementor_library\">\n\t\t\t\t<a class=\"elementor-element elementor-element-318e2233 osiopadding e-flex e-con-boxed e-con e-parent\" data-id=\"318e2233\" data-element_type=\"container\" data-e-type=\"container\" data-settings=\"{&quot;background_background&quot;:&quot;classic&quot;,&quot;jet_parallax_layout_list&quot;:[]}\" href=\"https:\/\/vikommarina.fi\/?page_id=415\">\n\t\t\t\t\t<div class=\"e-con-inner\">\n\t\t\t\t<div class=\"elementor-element elementor-element-5084dbcc elementor-widget elementor-widget-heading\" data-id=\"5084dbcc\" data-element_type=\"widget\" data-e-type=\"widget\" data-widget_type=\"heading.default\">\n\t\t\t\t<div class=\"elementor-widget-container\">\n\t\t\t\t\t<h2 class=\"elementor-heading-title elementor-size-default\"><span class=\"addcolor\">Kolla in v\u00e5ra tj\u00e4nster<\/span> och se till att din b\u00e5t \u00e4r tryggt f\u00f6rvarad i h\u00e4nderna p\u00e5 sk\u00e4rg\u00e5rdens experter!<\/h2>\t\t\t\t<\/div>\n\t\t\t\t<\/div>\n\t\t\t\t\t<\/div>\n\t\t\t\t<\/a>\n\t\t\t\t<\/div>\n\t\t\t\t<\/div>\n\t\t\t\t\t\t<\/div>\n\t\t\t\t<\/div>\n\t\t\t\t<\/div>\n\t\t\t\t<\/div>\n\t\t","protected":false},"excerpt":{"rendered":"<p>P\u00e5litlig service f\u00f6r b\u00e5tdockning och underh\u00e5ll i Nauvo Vikom Marina Vikom \u00e4r ett familjef\u00f6retag baserat i Nauvoo, Finland, som har tillhandah\u00e5llit f\u00f6rvaring och underh\u00e5llstj\u00e4nster f\u00f6r fritidsb\u00e5tar i n\u00e4stan 40 \u00e5r. Nu st\u00e5r n\u00e4sta generation vid rodret och kombinerar tradition och moderna l\u00f6sningar till f\u00f6rm\u00e5n f\u00f6r b\u00e5tfolket. Med ett brett utbud av f\u00f6rvaringsalternativ &#8211; varm bod, [&hellip;]<\/p>\n","protected":false},"author":1,"featured_media":658,"parent":0,"menu_order":0,"comment_status":"closed","ping_status":"open","template":"","meta":{"footnotes":""},"class_list":["post-662","page","type-page","status-publish","has-post-thumbnail","hentry"],"_links":{"self":[{"href":"https:\/\/vikommarina.fi\/sv\/wp-json\/wp\/v2\/pages\/662","targetHints":{"allow":["GET"]}}],"collection":[{"href":"https:\/\/vikommarina.fi\/sv\/wp-json\/wp\/v2\/pages"}],"about":[{"href":"https:\/\/vikommarina.fi\/sv\/wp-json\/wp\/v2\/types\/page"}],"author":[{"embeddable":true,"href":"https:\/\/vikommarina.fi\/sv\/wp-json\/wp\/v2\/users\/1"}],"replies":[{"embeddable":true,"href":"https:\/\/vikommarina.fi\/sv\/wp-json\/wp\/v2\/comments?post=662"}],"version-history":[{"count":1,"href":"https:\/\/vikommarina.fi\/sv\/wp-json\/wp\/v2\/pages\/662\/revisions"}],"predecessor-version":[{"id":663,"href":"https:\/\/vikommarina.fi\/sv\/wp-json\/wp\/v2\/pages\/662\/revisions\/663"}],"wp:featuredmedia":[{"embeddable":true,"href":"https:\/\/vikommarina.fi\/sv\/wp-json\/wp\/v2\/media\/658"}],"wp:attachment":[{"href":"https:\/\/vikommarina.fi\/sv\/wp-json\/wp\/v2\/media?parent=662"}],"curies":[{"name":"wp","href":"https:\/\/api.w.org\/{rel}","templated":true}]}}