{"id":670,"date":"2025-06-03T13:24:46","date_gmt":"2025-06-03T10:24:46","guid":{"rendered":"https:\/\/vikommarina.sivustamo.dev\/tjanster\/bogseringstjanst\/"},"modified":"2025-06-09T10:13:24","modified_gmt":"2025-06-09T07:13:24","slug":"bogseringstjanst","status":"publish","type":"page","link":"https:\/\/vikommarina.fi\/sv\/tjanster\/bogseringstjanst\/","title":{"rendered":"Bogseringstj\u00e4nst"},"content":{"rendered":"\t\t<div data-elementor-type=\"wp-page\" data-elementor-id=\"670\" class=\"elementor elementor-670 elementor-581\" data-elementor-post-type=\"page\">\n\t\t\t\t<div class=\"elementor-element elementor-element-b830fc4 e-con-full e-flex e-con e-parent\" data-id=\"b830fc4\" data-element_type=\"container\" data-e-type=\"container\" data-settings=\"{&quot;jet_parallax_layout_list&quot;:[]}\">\n\t\t\t\t<div class=\"elementor-element elementor-element-06fb65c elementor-widget elementor-widget-template\" data-id=\"06fb65c\" data-element_type=\"widget\" data-e-type=\"widget\" data-widget_type=\"template.default\">\n\t\t\t\t<div class=\"elementor-widget-container\">\n\t\t\t\t\t\t\t<div class=\"elementor-template\">\n\t\t\t\t\t<div data-elementor-type=\"container\" data-elementor-id=\"409\" class=\"elementor elementor-409\" data-elementor-post-type=\"elementor_library\">\n\t\t\t\t<div class=\"elementor-element elementor-element-31a62073 e-flex e-con-boxed e-con e-parent\" data-id=\"31a62073\" data-element_type=\"container\" data-e-type=\"container\" data-settings=\"{&quot;background_background&quot;:&quot;classic&quot;,&quot;jet_parallax_layout_list&quot;:[]}\">\n\t\t\t\t\t<div class=\"e-con-inner\">\n\t\t<div class=\"elementor-element elementor-element-65850b8b e-con-full e-flex e-con e-child\" data-id=\"65850b8b\" data-element_type=\"container\" data-e-type=\"container\" data-settings=\"{&quot;jet_parallax_layout_list&quot;:[],&quot;background_background&quot;:&quot;classic&quot;}\">\n\t\t\t\t<\/div>\n\t\t\t\t\t<\/div>\n\t\t\t\t<\/div>\n\t\t\t\t<\/div>\n\t\t\t\t<\/div>\n\t\t\t\t\t\t<\/div>\n\t\t\t\t<\/div>\n\t\t\t\t<\/div>\n\t\t<div class=\"elementor-element elementor-element-7826a5c osiomargin e-flex e-con-boxed e-con e-parent\" data-id=\"7826a5c\" data-element_type=\"container\" data-e-type=\"container\" data-settings=\"{&quot;jet_parallax_layout_list&quot;:[]}\">\n\t\t\t\t\t<div class=\"e-con-inner\">\n\t\t<div class=\"elementor-element elementor-element-4f415be e-con-full e-flex e-con e-child\" data-id=\"4f415be\" data-element_type=\"container\" data-e-type=\"container\" data-settings=\"{&quot;jet_parallax_layout_list&quot;:[]}\">\n\t\t<div class=\"elementor-element elementor-element-b83d68d e-con-full e-flex e-con e-child\" data-id=\"b83d68d\" data-element_type=\"container\" data-e-type=\"container\" data-settings=\"{&quot;jet_parallax_layout_list&quot;:[]}\">\n\t\t\t\t<div class=\"elementor-element elementor-element-55fe77d elementor-widget elementor-widget-heading\" data-id=\"55fe77d\" data-element_type=\"widget\" data-e-type=\"widget\" data-widget_type=\"heading.default\">\n\t\t\t\t<div class=\"elementor-widget-container\">\n\t\t\t\t\t<h2 class=\"elementor-heading-title elementor-size-default\">Bogsering av b\u00e5tar  <\/h2>\t\t\t\t<\/div>\n\t\t\t\t<\/div>\n\t\t\t\t<div class=\"elementor-element elementor-element-2619233 elementor-widget elementor-widget-heading\" data-id=\"2619233\" data-element_type=\"widget\" data-e-type=\"widget\" data-widget_type=\"heading.default\">\n\t\t\t\t<div class=\"elementor-widget-container\">\n\t\t\t\t\t<div class=\"elementor-heading-title elementor-size-default\">snabb hj\u00e4lp vid haverier och maskinfel<\/div>\t\t\t\t<\/div>\n\t\t\t\t<\/div>\n\t\t\t\t<\/div>\n\t\t\t\t<div class=\"elementor-element elementor-element-2aa0296 elementor-widget elementor-widget-text-editor\" data-id=\"2aa0296\" data-element_type=\"widget\" data-e-type=\"widget\" data-widget_type=\"text-editor.default\">\n\t\t\t\t<div class=\"elementor-widget-container\">\n\t\t\t\t\t\t\t\t\t<p>Om din b\u00e5t g\u00e5r s\u00f6nder till sj\u00f6ss \u00e4r det viktigt att ha en p\u00e5litlig och snabb bogseringstj\u00e4nst<strong> som<\/strong> minimerar skadorna och garanterar en s\u00e4ker hemresa. Vikom Marina Oy Ab erbjuder bogseringsservice i Sk\u00e4rg\u00e5rdshavet under hela seglingss\u00e4songen<strong>.<\/strong> <\/p>\t\t\t\t\t\t\t\t<\/div>\n\t\t\t\t<\/div>\n\t\t\t\t<\/div>\n\t\t<div class=\"elementor-element elementor-element-62f5f20 e-grid e-con-full e-con e-child\" data-id=\"62f5f20\" data-element_type=\"container\" data-e-type=\"container\" data-settings=\"{&quot;jet_parallax_layout_list&quot;:[]}\">\n\t\t<div class=\"elementor-element elementor-element-b60b441 e-con-full e-flex e-con e-child\" data-id=\"b60b441\" data-element_type=\"container\" data-e-type=\"container\" data-settings=\"{&quot;jet_parallax_layout_list&quot;:[],&quot;background_background&quot;:&quot;classic&quot;}\">\n\t\t<div class=\"elementor-element elementor-element-928ceec e-con-full e-flex e-con e-child\" data-id=\"928ceec\" data-element_type=\"container\" data-e-type=\"container\" data-settings=\"{&quot;jet_parallax_layout_list&quot;:[]}\">\n\t\t\t\t<div class=\"elementor-element elementor-element-d19651e elementor-widget elementor-widget-heading\" data-id=\"d19651e\" data-element_type=\"widget\" data-e-type=\"widget\" data-widget_type=\"heading.default\">\n\t\t\t\t<div class=\"elementor-widget-container\">\n\t\t\t\t\t<h3 class=\"elementor-heading-title elementor-size-default\">Snabb hj\u00e4lp vid driftst\u00f6rningar och maskinfel<\/h3>\t\t\t\t<\/div>\n\t\t\t\t<\/div>\n\t\t\t\t<\/div>\n\t\t\t\t<div class=\"elementor-element elementor-element-a4cbf5e elementor-widget elementor-widget-text-editor\" data-id=\"a4cbf5e\" data-element_type=\"widget\" data-e-type=\"widget\" data-widget_type=\"text-editor.default\">\n\t\t\t\t<div class=\"elementor-widget-container\">\n\t\t\t\t\t\t\t\t\t<p>Vikom Marina Oy Ab:s egen <strong>bogseringsutrustning och samarbetspartner<\/strong> \u00e4r redo att hj\u00e4lpa b\u00e5t\u00e4gare i h\u00e4ndelse av problem. B\u00e4rgningstj\u00e4nsten kan p\u00e5b\u00f6rja n\u00f6dv\u00e4ndiga reparationer p\u00e5 plats, vilket <strong>minimerar skadorna och sparar tid och kostnader.<\/strong><\/p><p>\u2714 <strong>Snabb hj\u00e4lp i hela Sk\u00e4rg\u00e5rdshavet<\/strong><br>\u2714 <strong>Minskar skador och reparationskostnader<\/strong><br>\u2714 <strong>R\u00e4ddar b\u00e5ts\u00e4songen utan l\u00e5nga avbrott<\/strong><\/p>\t\t\t\t\t\t\t\t<\/div>\n\t\t\t\t<\/div>\n\t\t\t\t<\/div>\n\t\t<div class=\"elementor-element elementor-element-10b2cc6 e-con-full e-flex e-con e-child\" data-id=\"10b2cc6\" data-element_type=\"container\" data-e-type=\"container\" data-settings=\"{&quot;jet_parallax_layout_list&quot;:[],&quot;background_background&quot;:&quot;classic&quot;}\">\n\t\t<div class=\"elementor-element elementor-element-13507c4 e-con-full e-flex e-con e-child\" data-id=\"13507c4\" data-element_type=\"container\" data-e-type=\"container\" data-settings=\"{&quot;jet_parallax_layout_list&quot;:[]}\">\n\t\t\t\t<div class=\"elementor-element elementor-element-9ca3e13 elementor-widget elementor-widget-heading\" data-id=\"9ca3e13\" data-element_type=\"widget\" data-e-type=\"widget\" data-widget_type=\"heading.default\">\n\t\t\t\t<div class=\"elementor-widget-container\">\n\t\t\t\t\t<h3 class=\"elementor-heading-title elementor-size-default\">M\u00e5ngsidig flotta \u00e4ven f\u00f6r passagerar- och godstransporter<\/h3>\t\t\t\t<\/div>\n\t\t\t\t<\/div>\n\t\t\t\t<\/div>\n\t\t\t\t<div class=\"elementor-element elementor-element-8a49c23 elementor-widget elementor-widget-text-editor\" data-id=\"8a49c23\" data-element_type=\"widget\" data-e-type=\"widget\" data-widget_type=\"text-editor.default\">\n\t\t\t\t<div class=\"elementor-widget-container\">\n\t\t\t\t\t\t\t\t\t<p>Vikom Marina Oy Ab anv\u00e4nder de kraftfulla fartygen <strong>Minor 37 (630 hk) och Commodor Combi (260 hk),<\/strong> som l\u00e4mpar sig f\u00f6r s\u00e5v\u00e4l n\u00f6dsituationer som <strong>passagerar- och godstransporter<\/strong>. B\u00e5tarna \u00e4r alltid redo att g\u00e5 fr\u00e5n den f\u00f6rsta isen p\u00e5 v\u00e5ren och lyfts endast under s\u00e4songens sista is.<\/p><p>\u2714 <strong>Representativ och m\u00e5ngsidig flotta f\u00f6r f\u00f6retag och grupper<\/strong><br>\u2714 <strong>Snabb transport till olika destinationer i sk\u00e4rg\u00e5rden<\/strong><br>\u2714 <strong>Bogseringstj\u00e4nst garanterar en s\u00e4ker och smidig b\u00e5tupplevelse<\/strong><\/p>\t\t\t\t\t\t\t\t<\/div>\n\t\t\t\t<\/div>\n\t\t\t\t<\/div>\n\t\t\t\t<\/div>\n\t\t\t\t\t<\/div>\n\t\t\t\t<\/div>\n\t\t<a class=\"elementor-element elementor-element-22e64e75 osiopadding e-flex e-con-boxed e-con e-parent\" data-id=\"22e64e75\" data-element_type=\"container\" data-e-type=\"container\" data-settings=\"{&quot;background_background&quot;:&quot;classic&quot;,&quot;jet_parallax_layout_list&quot;:[]}\" href=\"https:\/\/vikommarina.fi\/yhteystiedot\/\">\n\t\t\t\t\t<div class=\"e-con-inner\">\n\t\t\t\t<div class=\"elementor-element elementor-element-3e68ca72 elementor-widget elementor-widget-heading\" data-id=\"3e68ca72\" data-element_type=\"widget\" data-e-type=\"widget\" data-widget_type=\"heading.default\">\n\t\t\t\t<div class=\"elementor-widget-container\">\n\t\t\t\t\t<h2 class=\"elementor-heading-title elementor-size-default\">Beh\u00f6ver du b\u00e4rgning?<\/h2>\t\t\t\t<\/div>\n\t\t\t\t<\/div>\n\t\t\t\t<div class=\"elementor-element elementor-element-1fc48e5 elementor-widget elementor-widget-text-editor\" data-id=\"1fc48e5\" data-element_type=\"widget\" data-e-type=\"widget\" data-widget_type=\"text-editor.default\">\n\t\t\t\t<div class=\"elementor-widget-container\">\n\t\t\t\t\t\t\t\t\t<p>Kontakta <strong>Vikom Marina Oy Ab<\/strong> s\u00e5 ser vi till att din resa forts\u00e4tter s\u00e5 snabbt och s\u00e4kert som m\u00f6jligt!<\/p>\t\t\t\t\t\t\t\t<\/div>\n\t\t\t\t<\/div>\n\t\t\t\t\t<\/div>\n\t\t\t\t<\/a>\n\t\t\t\t<\/div>\n\t\t","protected":false},"excerpt":{"rendered":"<p>Bogsering av b\u00e5tar snabb hj\u00e4lp vid haverier och maskinfel Om din b\u00e5t g\u00e5r s\u00f6nder till sj\u00f6ss \u00e4r det viktigt att ha en p\u00e5litlig och snabb bogseringstj\u00e4nst som minimerar skadorna och garanterar en s\u00e4ker hemresa. Vikom Marina Oy Ab erbjuder bogseringsservice i Sk\u00e4rg\u00e5rdshavet under hela seglingss\u00e4songen. Snabb hj\u00e4lp vid driftst\u00f6rningar och maskinfel Vikom Marina Oy Ab:s [&hellip;]<\/p>\n","protected":false},"author":1,"featured_media":0,"parent":668,"menu_order":0,"comment_status":"closed","ping_status":"closed","template":"","meta":{"footnotes":""},"class_list":["post-670","page","type-page","status-publish","hentry"],"_links":{"self":[{"href":"https:\/\/vikommarina.fi\/sv\/wp-json\/wp\/v2\/pages\/670","targetHints":{"allow":["GET"]}}],"collection":[{"href":"https:\/\/vikommarina.fi\/sv\/wp-json\/wp\/v2\/pages"}],"about":[{"href":"https:\/\/vikommarina.fi\/sv\/wp-json\/wp\/v2\/types\/page"}],"author":[{"embeddable":true,"href":"https:\/\/vikommarina.fi\/sv\/wp-json\/wp\/v2\/users\/1"}],"replies":[{"embeddable":true,"href":"https:\/\/vikommarina.fi\/sv\/wp-json\/wp\/v2\/comments?post=670"}],"version-history":[{"count":1,"href":"https:\/\/vikommarina.fi\/sv\/wp-json\/wp\/v2\/pages\/670\/revisions"}],"predecessor-version":[{"id":671,"href":"https:\/\/vikommarina.fi\/sv\/wp-json\/wp\/v2\/pages\/670\/revisions\/671"}],"up":[{"embeddable":true,"href":"https:\/\/vikommarina.fi\/sv\/wp-json\/wp\/v2\/pages\/668"}],"wp:attachment":[{"href":"https:\/\/vikommarina.fi\/sv\/wp-json\/wp\/v2\/media?parent=670"}],"curies":[{"name":"wp","href":"https:\/\/api.w.org\/{rel}","templated":true}]}}