{"id":672,"date":"2025-06-03T13:34:35","date_gmt":"2025-06-03T10:34:35","guid":{"rendered":"https:\/\/vikommarina.sivustamo.dev\/tjanster\/kajplatser\/"},"modified":"2025-06-09T10:13:38","modified_gmt":"2025-06-09T07:13:38","slug":"kajplatser","status":"publish","type":"page","link":"https:\/\/vikommarina.fi\/sv\/tjanster\/kajplatser\/","title":{"rendered":"Kajplatser"},"content":{"rendered":"\t\t<div data-elementor-type=\"wp-page\" data-elementor-id=\"672\" class=\"elementor elementor-672 elementor-589\" data-elementor-post-type=\"page\">\n\t\t\t\t<div class=\"elementor-element elementor-element-b830fc4 e-con-full e-flex e-con e-parent\" data-id=\"b830fc4\" data-element_type=\"container\" data-e-type=\"container\" data-settings=\"{&quot;jet_parallax_layout_list&quot;:[]}\">\n\t\t\t\t<div class=\"elementor-element elementor-element-06fb65c elementor-widget elementor-widget-template\" data-id=\"06fb65c\" data-element_type=\"widget\" data-e-type=\"widget\" data-widget_type=\"template.default\">\n\t\t\t\t<div class=\"elementor-widget-container\">\n\t\t\t\t\t\t\t<div class=\"elementor-template\">\n\t\t\t\t\t<div data-elementor-type=\"container\" data-elementor-id=\"409\" class=\"elementor elementor-409\" data-elementor-post-type=\"elementor_library\">\n\t\t\t\t<div class=\"elementor-element elementor-element-31a62073 e-flex e-con-boxed e-con e-parent\" data-id=\"31a62073\" data-element_type=\"container\" data-e-type=\"container\" data-settings=\"{&quot;background_background&quot;:&quot;classic&quot;,&quot;jet_parallax_layout_list&quot;:[]}\">\n\t\t\t\t\t<div class=\"e-con-inner\">\n\t\t<div class=\"elementor-element elementor-element-65850b8b e-con-full e-flex e-con e-child\" data-id=\"65850b8b\" data-element_type=\"container\" data-e-type=\"container\" data-settings=\"{&quot;jet_parallax_layout_list&quot;:[],&quot;background_background&quot;:&quot;classic&quot;}\">\n\t\t\t\t<\/div>\n\t\t\t\t\t<\/div>\n\t\t\t\t<\/div>\n\t\t\t\t<\/div>\n\t\t\t\t<\/div>\n\t\t\t\t\t\t<\/div>\n\t\t\t\t<\/div>\n\t\t\t\t<\/div>\n\t\t<div class=\"elementor-element elementor-element-7826a5c osiomargin e-flex e-con-boxed e-con e-parent\" data-id=\"7826a5c\" data-element_type=\"container\" data-e-type=\"container\" data-settings=\"{&quot;jet_parallax_layout_list&quot;:[]}\">\n\t\t\t\t\t<div class=\"e-con-inner\">\n\t\t<div class=\"elementor-element elementor-element-4f415be e-con-full e-flex e-con e-child\" data-id=\"4f415be\" data-element_type=\"container\" data-e-type=\"container\" data-settings=\"{&quot;jet_parallax_layout_list&quot;:[]}\">\n\t\t\t\t<div class=\"elementor-element elementor-element-2aa0296 elementor-widget elementor-widget-text-editor\" data-id=\"2aa0296\" data-element_type=\"widget\" data-e-type=\"widget\" data-widget_type=\"text-editor.default\">\n\t\t\t\t<div class=\"elementor-widget-container\">\n\t\t\t\t\t\t\t\t\t<p>B\u00e5tplatser f\u00f6r segelb\u00e5tar och motorb\u00e5tar<\/p><ul><li>Max b\u00e5tl\u00e4ngd 12 m.<\/li><li>Max b\u00e5tdjup 2 m.<\/li><\/ul><p>160\u20ac \/ breddmeter<\/p>\t\t\t\t\t\t\t\t<\/div>\n\t\t\t\t<\/div>\n\t\t\t\t<\/div>\n\t\t\t\t\t<\/div>\n\t\t\t\t<\/div>\n\t\t<div class=\"elementor-element elementor-element-d7df3f2 e-con-full e-flex e-con e-parent\" data-id=\"d7df3f2\" data-element_type=\"container\" data-e-type=\"container\" data-settings=\"{&quot;jet_parallax_layout_list&quot;:[]}\">\n\t\t\t\t<div class=\"elementor-element elementor-element-cd640cd elementor-widget elementor-widget-template\" data-id=\"cd640cd\" data-element_type=\"widget\" data-e-type=\"widget\" data-widget_type=\"template.default\">\n\t\t\t\t<div class=\"elementor-widget-container\">\n\t\t\t\t\t\t\t<div class=\"elementor-template\">\n\t\t\t\t\t<div data-elementor-type=\"container\" data-elementor-id=\"686\" class=\"elementor elementor-686 elementor-475 elementor-475\" data-elementor-post-type=\"elementor_library\">\n\t\t\t\t<a class=\"elementor-element elementor-element-4f999066 osiopadding e-flex e-con-boxed e-con e-parent\" data-id=\"4f999066\" data-element_type=\"container\" data-e-type=\"container\" data-settings=\"{&quot;background_background&quot;:&quot;classic&quot;,&quot;jet_parallax_layout_list&quot;:[]}\" href=\"https:\/\/vikommarina.fi\/yhteystiedot\/\">\n\t\t\t\t\t<div class=\"e-con-inner\">\n\t\t\t\t<div class=\"elementor-element elementor-element-1526a711 elementor-widget elementor-widget-heading\" data-id=\"1526a711\" data-element_type=\"widget\" data-e-type=\"widget\" data-widget_type=\"heading.default\">\n\t\t\t\t<div class=\"elementor-widget-container\">\n\t\t\t\t\t<h2 class=\"elementor-heading-title elementor-size-default\">Kontakta oss!<\/h2>\t\t\t\t<\/div>\n\t\t\t\t<\/div>\n\t\t\t\t<div class=\"elementor-element elementor-element-8ecec8b elementor-view-default elementor-widget elementor-widget-icon\" data-id=\"8ecec8b\" data-element_type=\"widget\" data-e-type=\"widget\" data-widget_type=\"icon.default\">\n\t\t\t\t<div class=\"elementor-widget-container\">\n\t\t\t\t\t\t\t<div class=\"elementor-icon-wrapper\">\n\t\t\t<div class=\"elementor-icon\">\n\t\t\t<svg xmlns=\"http:\/\/www.w3.org\/2000\/svg\" width=\"13.145\" height=\"11.893\" viewBox=\"0 0 13.145 11.893\"><path id=\"Union_3\" data-name=\"Union 3\" d=\"M0,11.531,1.614,9.917l4.334,4.334,4.334-4.333,1.613,1.613L5.947,17.478ZM0,5.946,1.614,4.333,5.947,8.667l4.334-4.333,1.613,1.614L5.947,11.894Z\" transform=\"translate(-4.333 11.893) rotate(-90)\"><\/path><\/svg>\t\t\t<\/div>\n\t\t<\/div>\n\t\t\t\t\t\t<\/div>\n\t\t\t\t<\/div>\n\t\t\t\t\t<\/div>\n\t\t\t\t<\/a>\n\t\t\t\t<\/div>\n\t\t\t\t<\/div>\n\t\t\t\t\t\t<\/div>\n\t\t\t\t<\/div>\n\t\t\t\t<\/div>\n\t\t\t\t<\/div>\n\t\t","protected":false},"excerpt":{"rendered":"<p>B\u00e5tplatser f\u00f6r segelb\u00e5tar och motorb\u00e5tar Max b\u00e5tl\u00e4ngd 12 m. Max b\u00e5tdjup 2 m. 160\u20ac \/ breddmeter<\/p>\n","protected":false},"author":1,"featured_media":0,"parent":668,"menu_order":0,"comment_status":"closed","ping_status":"closed","template":"","meta":{"footnotes":""},"class_list":["post-672","page","type-page","status-publish","hentry"],"_links":{"self":[{"href":"https:\/\/vikommarina.fi\/sv\/wp-json\/wp\/v2\/pages\/672","targetHints":{"allow":["GET"]}}],"collection":[{"href":"https:\/\/vikommarina.fi\/sv\/wp-json\/wp\/v2\/pages"}],"about":[{"href":"https:\/\/vikommarina.fi\/sv\/wp-json\/wp\/v2\/types\/page"}],"author":[{"embeddable":true,"href":"https:\/\/vikommarina.fi\/sv\/wp-json\/wp\/v2\/users\/1"}],"replies":[{"embeddable":true,"href":"https:\/\/vikommarina.fi\/sv\/wp-json\/wp\/v2\/comments?post=672"}],"version-history":[{"count":1,"href":"https:\/\/vikommarina.fi\/sv\/wp-json\/wp\/v2\/pages\/672\/revisions"}],"predecessor-version":[{"id":673,"href":"https:\/\/vikommarina.fi\/sv\/wp-json\/wp\/v2\/pages\/672\/revisions\/673"}],"up":[{"embeddable":true,"href":"https:\/\/vikommarina.fi\/sv\/wp-json\/wp\/v2\/pages\/668"}],"wp:attachment":[{"href":"https:\/\/vikommarina.fi\/sv\/wp-json\/wp\/v2\/media?parent=672"}],"curies":[{"name":"wp","href":"https:\/\/api.w.org\/{rel}","templated":true}]}}