{"id":676,"date":"2025-06-03T12:15:51","date_gmt":"2025-06-03T09:15:51","guid":{"rendered":"https:\/\/vikommarina.sivustamo.dev\/tjanster\/tankning-bransle\/"},"modified":"2025-06-09T10:14:21","modified_gmt":"2025-06-09T07:14:21","slug":"tankning-bransle","status":"publish","type":"page","link":"https:\/\/vikommarina.fi\/sv\/tjanster\/tankning-bransle\/","title":{"rendered":"Tankning -br\u00e4nsle"},"content":{"rendered":"\t\t<div data-elementor-type=\"wp-page\" data-elementor-id=\"676\" class=\"elementor elementor-676 elementor-533\" data-elementor-post-type=\"page\">\n\t\t\t\t<div class=\"elementor-element elementor-element-b830fc4 e-con-full e-flex e-con e-parent\" data-id=\"b830fc4\" data-element_type=\"container\" data-e-type=\"container\" data-settings=\"{&quot;jet_parallax_layout_list&quot;:[]}\">\n\t\t\t\t<div class=\"elementor-element elementor-element-06fb65c elementor-widget elementor-widget-template\" data-id=\"06fb65c\" data-element_type=\"widget\" data-e-type=\"widget\" data-widget_type=\"template.default\">\n\t\t\t\t<div class=\"elementor-widget-container\">\n\t\t\t\t\t\t\t<div class=\"elementor-template\">\n\t\t\t\t\t<div data-elementor-type=\"container\" data-elementor-id=\"409\" class=\"elementor elementor-409\" data-elementor-post-type=\"elementor_library\">\n\t\t\t\t<div class=\"elementor-element elementor-element-31a62073 e-flex e-con-boxed e-con e-parent\" data-id=\"31a62073\" data-element_type=\"container\" data-e-type=\"container\" data-settings=\"{&quot;background_background&quot;:&quot;classic&quot;,&quot;jet_parallax_layout_list&quot;:[]}\">\n\t\t\t\t\t<div class=\"e-con-inner\">\n\t\t<div class=\"elementor-element elementor-element-65850b8b e-con-full e-flex e-con e-child\" data-id=\"65850b8b\" data-element_type=\"container\" data-e-type=\"container\" data-settings=\"{&quot;jet_parallax_layout_list&quot;:[],&quot;background_background&quot;:&quot;classic&quot;}\">\n\t\t\t\t<\/div>\n\t\t\t\t\t<\/div>\n\t\t\t\t<\/div>\n\t\t\t\t<\/div>\n\t\t\t\t<\/div>\n\t\t\t\t\t\t<\/div>\n\t\t\t\t<\/div>\n\t\t\t\t<\/div>\n\t\t<div class=\"elementor-element elementor-element-975725e osiomargin e-flex e-con-boxed e-con e-parent\" data-id=\"975725e\" data-element_type=\"container\" data-e-type=\"container\" data-settings=\"{&quot;jet_parallax_layout_list&quot;:[]}\">\n\t\t\t\t\t<div class=\"e-con-inner\">\n\t\t<div class=\"elementor-element elementor-element-f69ce5c e-con-full e-flex e-con e-child\" data-id=\"f69ce5c\" data-element_type=\"container\" data-e-type=\"container\" data-settings=\"{&quot;jet_parallax_layout_list&quot;:[]}\">\n\t\t<div class=\"elementor-element elementor-element-f872ea9 e-con-full e-flex e-con e-child\" data-id=\"f872ea9\" data-element_type=\"container\" data-e-type=\"container\" data-settings=\"{&quot;jet_parallax_layout_list&quot;:[]}\">\n\t\t\t\t<div class=\"elementor-element elementor-element-853c2fb elementor-widget elementor-widget-heading\" data-id=\"853c2fb\" data-element_type=\"widget\" data-e-type=\"widget\" data-widget_type=\"heading.default\">\n\t\t\t\t<div class=\"elementor-widget-container\">\n\t\t\t\t\t<h2 class=\"elementor-heading-title elementor-size-default\">Vikom-varvets nya tankst\u00e4lle<\/h2>\t\t\t\t<\/div>\n\t\t\t\t<\/div>\n\t\t\t\t<div class=\"elementor-element elementor-element-97cdaa6 elementor-widget elementor-widget-heading\" data-id=\"97cdaa6\" data-element_type=\"widget\" data-e-type=\"widget\" data-widget_type=\"heading.default\">\n\t\t\t\t<div class=\"elementor-widget-container\">\n\t\t\t\t\t<div class=\"elementor-heading-title elementor-size-default\">V\u00e4lkommen att tanka!<\/div>\t\t\t\t<\/div>\n\t\t\t\t<\/div>\n\t\t\t\t<\/div>\n\t\t\t\t<div class=\"elementor-element elementor-element-d1b3085 elementor-widget elementor-widget-text-editor\" data-id=\"d1b3085\" data-element_type=\"widget\" data-e-type=\"widget\" data-widget_type=\"text-editor.default\">\n\t\t\t\t<div class=\"elementor-widget-container\">\n\t\t\t\t\t\t\t\t\t<p>Vikoms nya tankst\u00e4lle har utformats med b\u00e5tfolk i \u00e5tanke och kommer att vara \u00f6ppet \u00e5ret runt! Nu kan du tanka din b\u00e5t enkelt och bekv\u00e4mt i Nauvo, p\u00e5 ett centralt l\u00e4ge i sk\u00e4rg\u00e5rden. Den nya tankstationen erbjuder h\u00f6gkvalitativ, milj\u00f6v\u00e4nlig service och underh\u00e5ll samt br\u00e4nsle f\u00f6r ett s\u00e4kert och bekymmersfritt b\u00e5tliv.  <\/p><p>Du kan tanka b\u00e5de diesel och bensin i v\u00e5r nya servicestation som \u00e4r utformad f\u00f6r att vara snabb och anv\u00e4ndarv\u00e4nlig. P\u00e5 Vikom satsar vi p\u00e5 kvalitet och bekv\u00e4mlighet &#8211; kom in och njut av ett bekymmersfritt b\u00e5tliv p\u00e5 sk\u00e4rg\u00e5rdens v\u00e5gor! V\u00e4lkommen att tanka!  <\/p>\t\t\t\t\t\t\t\t<\/div>\n\t\t\t\t<\/div>\n\t\t\t\t<\/div>\n\t\t<div class=\"elementor-element elementor-element-08536dd e-con-full box-shadow e-flex e-con e-child\" data-id=\"08536dd\" data-element_type=\"container\" data-e-type=\"container\" data-settings=\"{&quot;jet_parallax_layout_list&quot;:[]}\">\n\t\t\t\t<div class=\"elementor-element elementor-element-ceea403 elementor-widget elementor-widget-text-editor\" data-id=\"ceea403\" data-element_type=\"widget\" data-e-type=\"widget\" data-widget_type=\"text-editor.default\">\n\t\t\t\t<div class=\"elementor-widget-container\">\n\t\t\t\t\t\t\t\t\t<p><strong>Tankst\u00e4lle tillg\u00e4ngligt \u00e5ret runt. \u00d6ppnas \u00e5r 2023. <\/strong><\/p>\t\t\t\t\t\t\t\t<\/div>\n\t\t\t\t<\/div>\n\t\t\t\t<\/div>\n\t\t\t\t\t<\/div>\n\t\t\t\t<\/div>\n\t\t<div class=\"elementor-element elementor-element-c497906 e-con-full e-flex e-con e-parent\" data-id=\"c497906\" data-element_type=\"container\" data-e-type=\"container\" data-settings=\"{&quot;jet_parallax_layout_list&quot;:[]}\">\n\t\t\t\t<div class=\"elementor-element elementor-element-7d84ab4 elementor-widget elementor-widget-template\" data-id=\"7d84ab4\" data-element_type=\"widget\" data-e-type=\"widget\" data-widget_type=\"template.default\">\n\t\t\t\t<div class=\"elementor-widget-container\">\n\t\t\t\t\t\t\t<div class=\"elementor-template\">\n\t\t\t\t\t<div data-elementor-type=\"container\" data-elementor-id=\"686\" class=\"elementor elementor-686 elementor-475 elementor-475\" data-elementor-post-type=\"elementor_library\">\n\t\t\t\t<a class=\"elementor-element elementor-element-4f999066 osiopadding e-flex e-con-boxed e-con e-parent\" data-id=\"4f999066\" data-element_type=\"container\" data-e-type=\"container\" data-settings=\"{&quot;background_background&quot;:&quot;classic&quot;,&quot;jet_parallax_layout_list&quot;:[]}\" href=\"https:\/\/vikommarina.fi\/yhteystiedot\/\">\n\t\t\t\t\t<div class=\"e-con-inner\">\n\t\t\t\t<div class=\"elementor-element elementor-element-1526a711 elementor-widget elementor-widget-heading\" data-id=\"1526a711\" data-element_type=\"widget\" data-e-type=\"widget\" data-widget_type=\"heading.default\">\n\t\t\t\t<div class=\"elementor-widget-container\">\n\t\t\t\t\t<h2 class=\"elementor-heading-title elementor-size-default\">Kontakta oss!<\/h2>\t\t\t\t<\/div>\n\t\t\t\t<\/div>\n\t\t\t\t<div class=\"elementor-element elementor-element-8ecec8b elementor-view-default elementor-widget elementor-widget-icon\" data-id=\"8ecec8b\" data-element_type=\"widget\" data-e-type=\"widget\" data-widget_type=\"icon.default\">\n\t\t\t\t<div class=\"elementor-widget-container\">\n\t\t\t\t\t\t\t<div class=\"elementor-icon-wrapper\">\n\t\t\t<div class=\"elementor-icon\">\n\t\t\t<svg xmlns=\"http:\/\/www.w3.org\/2000\/svg\" width=\"13.145\" height=\"11.893\" viewBox=\"0 0 13.145 11.893\"><path id=\"Union_3\" data-name=\"Union 3\" d=\"M0,11.531,1.614,9.917l4.334,4.334,4.334-4.333,1.613,1.613L5.947,17.478ZM0,5.946,1.614,4.333,5.947,8.667l4.334-4.333,1.613,1.614L5.947,11.894Z\" transform=\"translate(-4.333 11.893) rotate(-90)\"><\/path><\/svg>\t\t\t<\/div>\n\t\t<\/div>\n\t\t\t\t\t\t<\/div>\n\t\t\t\t<\/div>\n\t\t\t\t\t<\/div>\n\t\t\t\t<\/a>\n\t\t\t\t<\/div>\n\t\t\t\t<\/div>\n\t\t\t\t\t\t<\/div>\n\t\t\t\t<\/div>\n\t\t\t\t<\/div>\n\t\t\t\t<\/div>\n\t\t","protected":false},"excerpt":{"rendered":"<p>Vikom-varvets nya tankst\u00e4lle V\u00e4lkommen att tanka! Vikoms nya tankst\u00e4lle har utformats med b\u00e5tfolk i \u00e5tanke och kommer att vara \u00f6ppet \u00e5ret runt! Nu kan du tanka din b\u00e5t enkelt och bekv\u00e4mt i Nauvo, p\u00e5 ett centralt l\u00e4ge i sk\u00e4rg\u00e5rden. Den nya tankstationen erbjuder h\u00f6gkvalitativ, milj\u00f6v\u00e4nlig service och underh\u00e5ll samt br\u00e4nsle f\u00f6r ett s\u00e4kert och bekymmersfritt [&hellip;]<\/p>\n","protected":false},"author":1,"featured_media":0,"parent":668,"menu_order":0,"comment_status":"closed","ping_status":"closed","template":"","meta":{"footnotes":""},"class_list":["post-676","page","type-page","status-publish","hentry"],"_links":{"self":[{"href":"https:\/\/vikommarina.fi\/sv\/wp-json\/wp\/v2\/pages\/676","targetHints":{"allow":["GET"]}}],"collection":[{"href":"https:\/\/vikommarina.fi\/sv\/wp-json\/wp\/v2\/pages"}],"about":[{"href":"https:\/\/vikommarina.fi\/sv\/wp-json\/wp\/v2\/types\/page"}],"author":[{"embeddable":true,"href":"https:\/\/vikommarina.fi\/sv\/wp-json\/wp\/v2\/users\/1"}],"replies":[{"embeddable":true,"href":"https:\/\/vikommarina.fi\/sv\/wp-json\/wp\/v2\/comments?post=676"}],"version-history":[{"count":1,"href":"https:\/\/vikommarina.fi\/sv\/wp-json\/wp\/v2\/pages\/676\/revisions"}],"predecessor-version":[{"id":677,"href":"https:\/\/vikommarina.fi\/sv\/wp-json\/wp\/v2\/pages\/676\/revisions\/677"}],"up":[{"embeddable":true,"href":"https:\/\/vikommarina.fi\/sv\/wp-json\/wp\/v2\/pages\/668"}],"wp:attachment":[{"href":"https:\/\/vikommarina.fi\/sv\/wp-json\/wp\/v2\/media?parent=676"}],"curies":[{"name":"wp","href":"https:\/\/api.w.org\/{rel}","templated":true}]}}