{"id":678,"date":"2025-06-03T12:20:52","date_gmt":"2025-06-03T09:20:52","guid":{"rendered":"https:\/\/vikommarina.sivustamo.dev\/tjanster\/underhall-och-reparation-av-batar\/"},"modified":"2025-06-09T10:15:11","modified_gmt":"2025-06-09T07:15:11","slug":"underhall-och-reparation-av-batar","status":"publish","type":"page","link":"https:\/\/vikommarina.fi\/sv\/tjanster\/underhall-och-reparation-av-batar\/","title":{"rendered":"Underh\u00e5ll och reparation av b\u00e5tar"},"content":{"rendered":"\t\t<div data-elementor-type=\"wp-page\" data-elementor-id=\"678\" class=\"elementor elementor-678 elementor-546\" data-elementor-post-type=\"page\">\n\t\t\t\t<div class=\"elementor-element elementor-element-b830fc4 e-con-full e-flex e-con e-parent\" data-id=\"b830fc4\" data-element_type=\"container\" data-e-type=\"container\" data-settings=\"{&quot;jet_parallax_layout_list&quot;:[]}\">\n\t\t\t\t<div class=\"elementor-element elementor-element-06fb65c elementor-widget elementor-widget-template\" data-id=\"06fb65c\" data-element_type=\"widget\" data-e-type=\"widget\" data-widget_type=\"template.default\">\n\t\t\t\t<div class=\"elementor-widget-container\">\n\t\t\t\t\t\t\t<div class=\"elementor-template\">\n\t\t\t\t\t<div data-elementor-type=\"container\" data-elementor-id=\"409\" class=\"elementor elementor-409\" data-elementor-post-type=\"elementor_library\">\n\t\t\t\t<div class=\"elementor-element elementor-element-31a62073 e-flex e-con-boxed e-con e-parent\" data-id=\"31a62073\" data-element_type=\"container\" data-e-type=\"container\" data-settings=\"{&quot;background_background&quot;:&quot;classic&quot;,&quot;jet_parallax_layout_list&quot;:[]}\">\n\t\t\t\t\t<div class=\"e-con-inner\">\n\t\t<div class=\"elementor-element elementor-element-65850b8b e-con-full e-flex e-con e-child\" data-id=\"65850b8b\" data-element_type=\"container\" data-e-type=\"container\" data-settings=\"{&quot;jet_parallax_layout_list&quot;:[],&quot;background_background&quot;:&quot;classic&quot;}\">\n\t\t\t\t<\/div>\n\t\t\t\t\t<\/div>\n\t\t\t\t<\/div>\n\t\t\t\t<\/div>\n\t\t\t\t<\/div>\n\t\t\t\t\t\t<\/div>\n\t\t\t\t<\/div>\n\t\t\t\t<\/div>\n\t\t<div class=\"elementor-element elementor-element-7826a5c osiomargin e-flex e-con-boxed e-con e-parent\" data-id=\"7826a5c\" data-element_type=\"container\" data-e-type=\"container\" data-settings=\"{&quot;jet_parallax_layout_list&quot;:[]}\">\n\t\t\t\t\t<div class=\"e-con-inner\">\n\t\t<div class=\"elementor-element elementor-element-4f415be e-con-full e-flex e-con e-child\" data-id=\"4f415be\" data-element_type=\"container\" data-e-type=\"container\" data-settings=\"{&quot;jet_parallax_layout_list&quot;:[]}\">\n\t\t<div class=\"elementor-element elementor-element-b83d68d e-con-full e-flex e-con e-child\" data-id=\"b83d68d\" data-element_type=\"container\" data-e-type=\"container\" data-settings=\"{&quot;jet_parallax_layout_list&quot;:[]}\">\n\t\t\t\t<div class=\"elementor-element elementor-element-55fe77d elementor-widget elementor-widget-heading\" data-id=\"55fe77d\" data-element_type=\"widget\" data-e-type=\"widget\" data-widget_type=\"heading.default\">\n\t\t\t\t<div class=\"elementor-widget-container\">\n\t\t\t\t\t<h2 class=\"elementor-heading-title elementor-size-default\">S\u00e4songsbetonat underh\u00e5ll och reparation av b\u00e5tar  <\/h2>\t\t\t\t<\/div>\n\t\t\t\t<\/div>\n\t\t\t\t<div class=\"elementor-element elementor-element-2619233 elementor-widget elementor-widget-heading\" data-id=\"2619233\" data-element_type=\"widget\" data-e-type=\"widget\" data-widget_type=\"heading.default\">\n\t\t\t\t<div class=\"elementor-widget-container\">\n\t\t\t\t\t<div class=\"elementor-heading-title elementor-size-default\">Bekymmersfritt b\u00e5tliv \u00e5ret runt<\/div>\t\t\t\t<\/div>\n\t\t\t\t<\/div>\n\t\t\t\t<\/div>\n\t\t\t\t<div class=\"elementor-element elementor-element-2aa0296 elementor-widget elementor-widget-text-editor\" data-id=\"2aa0296\" data-element_type=\"widget\" data-e-type=\"widget\" data-widget_type=\"text-editor.default\">\n\t\t\t\t<div class=\"elementor-widget-container\">\n\t\t\t\t\t\t\t\t\t<p>Vikom Marina Oy Ab erbjuder p\u00e5litliga och omfattande tj\u00e4nster f\u00f6r s\u00e4songsbetonat underh\u00e5ll och reparation av b\u00e5tar i Nauvoo, i hj\u00e4rtat av sk\u00e4rg\u00e5rden. Oavsett om det handlar om en v\u00e5r\u00f6versyn, motorunderh\u00e5ll, bottenbehandling eller en fullst\u00e4ndig ombyggnad har vi kunskapen och resurserna f\u00f6r att professionellt serva din b\u00e5t &#8211; \u00e5ret runt.<\/p>\t\t\t\t\t\t\t\t<\/div>\n\t\t\t\t<\/div>\n\t\t\t\t<\/div>\n\t\t<div class=\"elementor-element elementor-element-62f5f20 e-grid e-con-full e-con e-child\" data-id=\"62f5f20\" data-element_type=\"container\" data-e-type=\"container\" data-settings=\"{&quot;jet_parallax_layout_list&quot;:[]}\">\n\t\t<div class=\"elementor-element elementor-element-b60b441 e-con-full e-flex e-con e-child\" data-id=\"b60b441\" data-element_type=\"container\" data-e-type=\"container\" data-settings=\"{&quot;jet_parallax_layout_list&quot;:[],&quot;background_background&quot;:&quot;classic&quot;}\">\n\t\t<div class=\"elementor-element elementor-element-928ceec e-con-full e-flex e-con e-child\" data-id=\"928ceec\" data-element_type=\"container\" data-e-type=\"container\" data-settings=\"{&quot;jet_parallax_layout_list&quot;:[]}\">\n\t\t\t\t<div class=\"elementor-element elementor-element-d19651e elementor-widget elementor-widget-heading\" data-id=\"d19651e\" data-element_type=\"widget\" data-e-type=\"widget\" data-widget_type=\"heading.default\">\n\t\t\t\t<div class=\"elementor-widget-container\">\n\t\t\t\t\t<h3 class=\"elementor-heading-title elementor-size-default\">S\u00e4songsbetonat underh\u00e5ll<\/h3>\t\t\t\t<\/div>\n\t\t\t\t<\/div>\n\t\t\t\t<div class=\"elementor-element elementor-element-87e7338 elementor-widget elementor-widget-heading\" data-id=\"87e7338\" data-element_type=\"widget\" data-e-type=\"widget\" data-widget_type=\"heading.default\">\n\t\t\t\t<div class=\"elementor-widget-container\">\n\t\t\t\t\t<div class=\"elementor-heading-title elementor-size-default\">Redo f\u00f6r vattnet<\/div>\t\t\t\t<\/div>\n\t\t\t\t<\/div>\n\t\t\t\t<\/div>\n\t\t\t\t<div class=\"elementor-element elementor-element-a4cbf5e elementor-widget elementor-widget-text-editor\" data-id=\"a4cbf5e\" data-element_type=\"widget\" data-e-type=\"widget\" data-widget_type=\"text-editor.default\">\n\t\t\t\t<div class=\"elementor-widget-container\">\n\t\t\t\t\t\t\t\t\t<ul><li><strong>V\u00e5runderh\u00e5ll:<\/strong> motorkontroll, test av elsystem och b\u00e5ttv\u00e4tt<\/li><li><strong>H\u00f6stunderh\u00e5ll:<\/strong> f\u00f6rberedelser inf\u00f6r vinterf\u00f6rvaring, reng\u00f6ring och skydd av b\u00e5ten<\/li><li><strong>Bottenm\u00e5lning och vaxning f\u00f6r att skydda din b\u00e5t<\/strong><\/li><\/ul>\t\t\t\t\t\t\t\t<\/div>\n\t\t\t\t<\/div>\n\t\t\t\t<\/div>\n\t\t<div class=\"elementor-element elementor-element-10b2cc6 e-con-full e-flex e-con e-child\" data-id=\"10b2cc6\" data-element_type=\"container\" data-e-type=\"container\" data-settings=\"{&quot;jet_parallax_layout_list&quot;:[],&quot;background_background&quot;:&quot;classic&quot;}\">\n\t\t<div class=\"elementor-element elementor-element-13507c4 e-con-full e-flex e-con e-child\" data-id=\"13507c4\" data-element_type=\"container\" data-e-type=\"container\" data-settings=\"{&quot;jet_parallax_layout_list&quot;:[]}\">\n\t\t\t\t<div class=\"elementor-element elementor-element-9ca3e13 elementor-widget elementor-widget-heading\" data-id=\"9ca3e13\" data-element_type=\"widget\" data-e-type=\"widget\" data-widget_type=\"heading.default\">\n\t\t\t\t<div class=\"elementor-widget-container\">\n\t\t\t\t\t<h3 class=\"elementor-heading-title elementor-size-default\">Reparationstj\u00e4nster<\/h3>\t\t\t\t<\/div>\n\t\t\t\t<\/div>\n\t\t\t\t<div class=\"elementor-element elementor-element-0e23fd0 elementor-widget elementor-widget-heading\" data-id=\"0e23fd0\" data-element_type=\"widget\" data-e-type=\"widget\" data-widget_type=\"heading.default\">\n\t\t\t\t<div class=\"elementor-widget-container\">\n\t\t\t\t\t<div class=\"elementor-heading-title elementor-size-default\">H\u00e5ll din b\u00e5t i toppskick<\/div>\t\t\t\t<\/div>\n\t\t\t\t<\/div>\n\t\t\t\t<\/div>\n\t\t\t\t<div class=\"elementor-element elementor-element-8a49c23 elementor-widget elementor-widget-text-editor\" data-id=\"8a49c23\" data-element_type=\"widget\" data-e-type=\"widget\" data-widget_type=\"text-editor.default\">\n\t\t\t\t<div class=\"elementor-widget-container\">\n\t\t\t\t\t\t\t\t\t<ul><li>Motorreparationer och underh\u00e5ll av b\u00e5tmotorer av alla fabrikat<\/li><li>Uppdateringar och reparationer av el- och navigationssystem<\/li><li>Reparationer av ramar och glasfiber samt strukturella f\u00f6rst\u00e4rkningar<\/li><li>Renovering av b\u00e5tens interi\u00f6r och exteri\u00f6r<\/li><li>H\u00f6gkvalitativ och professionell installation av maskiner och utrustning<\/li><\/ul>\t\t\t\t\t\t\t\t<\/div>\n\t\t\t\t<\/div>\n\t\t\t\t<\/div>\n\t\t\t\t<\/div>\n\t\t\t\t<div class=\"elementor-element elementor-element-dbf765b elementor-widget elementor-widget-text-editor\" data-id=\"dbf765b\" data-element_type=\"widget\" data-e-type=\"widget\" data-widget_type=\"text-editor.default\">\n\t\t\t\t<div class=\"elementor-widget-container\">\n\t\t\t\t\t\t\t\t\t<p>Vikom Marina Oy Ab \u00e4r en f\u00f6rs\u00e4kringsgodk\u00e4nd partner f\u00f6r olika typer av haverier och maskinfel, s\u00e5 du kan lita p\u00e5 oss \u00e4ven i ov\u00e4ntade situationer.<\/p><p>V\u00e5rt varv har auktoriserade service- och garantiavtal f\u00f6r Yamaha utombordsmotorer. Vi servar alla motorm\u00e4rken. Dessutom har Vikom Marina Oy Ab m\u00e5ng\u00e5rig erfarenhet och kompetens inom b\u00e5de tr\u00e4- och glasfiberarbeten, fr\u00e5n b\u00e5tbygge till kr\u00e4vande reparationer och inredningsarbeten.  <strong>Boka ditt b\u00e5tunderh\u00e5ll tidigt och f\u00f6rs\u00e4kra dig om en bekymmersfri b\u00e5ts\u00e4song!<\/strong><\/p>\t\t\t\t\t\t\t\t<\/div>\n\t\t\t\t<\/div>\n\t\t\t\t\t<\/div>\n\t\t\t\t<\/div>\n\t\t<div class=\"elementor-element elementor-element-c497906 e-con-full e-flex e-con e-parent\" data-id=\"c497906\" data-element_type=\"container\" data-e-type=\"container\" data-settings=\"{&quot;jet_parallax_layout_list&quot;:[]}\">\n\t\t\t\t<div class=\"elementor-element elementor-element-7d84ab4 elementor-widget elementor-widget-template\" data-id=\"7d84ab4\" data-element_type=\"widget\" data-e-type=\"widget\" data-widget_type=\"template.default\">\n\t\t\t\t<div class=\"elementor-widget-container\">\n\t\t\t\t\t\t\t<div class=\"elementor-template\">\n\t\t\t\t\t<div data-elementor-type=\"container\" data-elementor-id=\"686\" class=\"elementor elementor-686 elementor-475 elementor-475\" data-elementor-post-type=\"elementor_library\">\n\t\t\t\t<a class=\"elementor-element elementor-element-4f999066 osiopadding e-flex e-con-boxed e-con e-parent\" data-id=\"4f999066\" data-element_type=\"container\" data-e-type=\"container\" data-settings=\"{&quot;background_background&quot;:&quot;classic&quot;,&quot;jet_parallax_layout_list&quot;:[]}\" href=\"https:\/\/vikommarina.fi\/yhteystiedot\/\">\n\t\t\t\t\t<div class=\"e-con-inner\">\n\t\t\t\t<div class=\"elementor-element elementor-element-1526a711 elementor-widget elementor-widget-heading\" data-id=\"1526a711\" data-element_type=\"widget\" data-e-type=\"widget\" data-widget_type=\"heading.default\">\n\t\t\t\t<div class=\"elementor-widget-container\">\n\t\t\t\t\t<h2 class=\"elementor-heading-title elementor-size-default\">Kontakta oss!<\/h2>\t\t\t\t<\/div>\n\t\t\t\t<\/div>\n\t\t\t\t<div class=\"elementor-element elementor-element-8ecec8b elementor-view-default elementor-widget elementor-widget-icon\" data-id=\"8ecec8b\" data-element_type=\"widget\" data-e-type=\"widget\" data-widget_type=\"icon.default\">\n\t\t\t\t<div class=\"elementor-widget-container\">\n\t\t\t\t\t\t\t<div class=\"elementor-icon-wrapper\">\n\t\t\t<div class=\"elementor-icon\">\n\t\t\t<svg xmlns=\"http:\/\/www.w3.org\/2000\/svg\" width=\"13.145\" height=\"11.893\" viewBox=\"0 0 13.145 11.893\"><path id=\"Union_3\" data-name=\"Union 3\" d=\"M0,11.531,1.614,9.917l4.334,4.334,4.334-4.333,1.613,1.613L5.947,17.478ZM0,5.946,1.614,4.333,5.947,8.667l4.334-4.333,1.613,1.614L5.947,11.894Z\" transform=\"translate(-4.333 11.893) rotate(-90)\"><\/path><\/svg>\t\t\t<\/div>\n\t\t<\/div>\n\t\t\t\t\t\t<\/div>\n\t\t\t\t<\/div>\n\t\t\t\t\t<\/div>\n\t\t\t\t<\/a>\n\t\t\t\t<\/div>\n\t\t\t\t<\/div>\n\t\t\t\t\t\t<\/div>\n\t\t\t\t<\/div>\n\t\t\t\t<\/div>\n\t\t\t\t<\/div>\n\t\t","protected":false},"excerpt":{"rendered":"<p>S\u00e4songsbetonat underh\u00e5ll och reparation av b\u00e5tar Bekymmersfritt b\u00e5tliv \u00e5ret runt Vikom Marina Oy Ab erbjuder p\u00e5litliga och omfattande tj\u00e4nster f\u00f6r s\u00e4songsbetonat underh\u00e5ll och reparation av b\u00e5tar i Nauvoo, i hj\u00e4rtat av sk\u00e4rg\u00e5rden. Oavsett om det handlar om en v\u00e5r\u00f6versyn, motorunderh\u00e5ll, bottenbehandling eller en fullst\u00e4ndig ombyggnad har vi kunskapen och resurserna f\u00f6r att professionellt serva din [&hellip;]<\/p>\n","protected":false},"author":1,"featured_media":0,"parent":668,"menu_order":0,"comment_status":"closed","ping_status":"closed","template":"","meta":{"footnotes":""},"class_list":["post-678","page","type-page","status-publish","hentry"],"_links":{"self":[{"href":"https:\/\/vikommarina.fi\/sv\/wp-json\/wp\/v2\/pages\/678","targetHints":{"allow":["GET"]}}],"collection":[{"href":"https:\/\/vikommarina.fi\/sv\/wp-json\/wp\/v2\/pages"}],"about":[{"href":"https:\/\/vikommarina.fi\/sv\/wp-json\/wp\/v2\/types\/page"}],"author":[{"embeddable":true,"href":"https:\/\/vikommarina.fi\/sv\/wp-json\/wp\/v2\/users\/1"}],"replies":[{"embeddable":true,"href":"https:\/\/vikommarina.fi\/sv\/wp-json\/wp\/v2\/comments?post=678"}],"version-history":[{"count":1,"href":"https:\/\/vikommarina.fi\/sv\/wp-json\/wp\/v2\/pages\/678\/revisions"}],"predecessor-version":[{"id":679,"href":"https:\/\/vikommarina.fi\/sv\/wp-json\/wp\/v2\/pages\/678\/revisions\/679"}],"up":[{"embeddable":true,"href":"https:\/\/vikommarina.fi\/sv\/wp-json\/wp\/v2\/pages\/668"}],"wp:attachment":[{"href":"https:\/\/vikommarina.fi\/sv\/wp-json\/wp\/v2\/media?parent=678"}],"curies":[{"name":"wp","href":"https:\/\/api.w.org\/{rel}","templated":true}]}}