{"id":680,"date":"2025-06-03T13:09:29","date_gmt":"2025-06-03T10:09:29","guid":{"rendered":"https:\/\/vikommarina.sivustamo.dev\/tjanster\/lyft-och-tvatt-av-batar\/"},"modified":"2025-06-09T10:15:40","modified_gmt":"2025-06-09T07:15:40","slug":"lyft-och-tvatt-av-batar","status":"publish","type":"page","link":"https:\/\/vikommarina.fi\/sv\/tjanster\/lyft-och-tvatt-av-batar\/","title":{"rendered":"Lyft och tv\u00e4tt av b\u00e5tar"},"content":{"rendered":"\t\t<div data-elementor-type=\"wp-page\" data-elementor-id=\"680\" class=\"elementor elementor-680 elementor-573\" data-elementor-post-type=\"page\">\n\t\t\t\t<div class=\"elementor-element elementor-element-b830fc4 e-con-full e-flex e-con e-parent\" data-id=\"b830fc4\" data-element_type=\"container\" data-e-type=\"container\" data-settings=\"{&quot;jet_parallax_layout_list&quot;:[]}\">\n\t\t\t\t<div class=\"elementor-element elementor-element-06fb65c elementor-widget elementor-widget-template\" data-id=\"06fb65c\" data-element_type=\"widget\" data-e-type=\"widget\" data-widget_type=\"template.default\">\n\t\t\t\t<div class=\"elementor-widget-container\">\n\t\t\t\t\t\t\t<div class=\"elementor-template\">\n\t\t\t\t\t<div data-elementor-type=\"container\" data-elementor-id=\"409\" class=\"elementor elementor-409\" data-elementor-post-type=\"elementor_library\">\n\t\t\t\t<div class=\"elementor-element elementor-element-31a62073 e-flex e-con-boxed e-con e-parent\" data-id=\"31a62073\" data-element_type=\"container\" data-e-type=\"container\" data-settings=\"{&quot;background_background&quot;:&quot;classic&quot;,&quot;jet_parallax_layout_list&quot;:[]}\">\n\t\t\t\t\t<div class=\"e-con-inner\">\n\t\t<div class=\"elementor-element elementor-element-65850b8b e-con-full e-flex e-con e-child\" data-id=\"65850b8b\" data-element_type=\"container\" data-e-type=\"container\" data-settings=\"{&quot;jet_parallax_layout_list&quot;:[],&quot;background_background&quot;:&quot;classic&quot;}\">\n\t\t\t\t<\/div>\n\t\t\t\t\t<\/div>\n\t\t\t\t<\/div>\n\t\t\t\t<\/div>\n\t\t\t\t<\/div>\n\t\t\t\t\t\t<\/div>\n\t\t\t\t<\/div>\n\t\t\t\t<\/div>\n\t\t<div class=\"elementor-element elementor-element-7826a5c osiomargin e-flex e-con-boxed e-con e-parent\" data-id=\"7826a5c\" data-element_type=\"container\" data-e-type=\"container\" data-settings=\"{&quot;jet_parallax_layout_list&quot;:[]}\">\n\t\t\t\t\t<div class=\"e-con-inner\">\n\t\t<div class=\"elementor-element elementor-element-4f415be e-con-full e-flex e-con e-child\" data-id=\"4f415be\" data-element_type=\"container\" data-e-type=\"container\" data-settings=\"{&quot;jet_parallax_layout_list&quot;:[]}\">\n\t\t<div class=\"elementor-element elementor-element-b83d68d e-con-full e-flex e-con e-child\" data-id=\"b83d68d\" data-element_type=\"container\" data-e-type=\"container\" data-settings=\"{&quot;jet_parallax_layout_list&quot;:[]}\">\n\t\t\t\t<div class=\"elementor-element elementor-element-55fe77d elementor-widget elementor-widget-heading\" data-id=\"55fe77d\" data-element_type=\"widget\" data-e-type=\"widget\" data-widget_type=\"heading.default\">\n\t\t\t\t<div class=\"elementor-widget-container\">\n\t\t\t\t\t<h2 class=\"elementor-heading-title elementor-size-default\">Tv\u00e4ttning och m\u00e5lning av b\u00e5tens botten  <\/h2>\t\t\t\t<\/div>\n\t\t\t\t<\/div>\n\t\t\t\t<div class=\"elementor-element elementor-element-2619233 elementor-widget elementor-widget-heading\" data-id=\"2619233\" data-element_type=\"widget\" data-e-type=\"widget\" data-widget_type=\"heading.default\">\n\t\t\t\t<div class=\"elementor-widget-container\">\n\t\t\t\t\t<div class=\"elementor-heading-title elementor-size-default\">H\u00e5ll din b\u00e5t i toppskick \u00e5ret runt<\/div>\t\t\t\t<\/div>\n\t\t\t\t<\/div>\n\t\t\t\t<\/div>\n\t\t\t\t<div class=\"elementor-element elementor-element-2aa0296 elementor-widget elementor-widget-text-editor\" data-id=\"2aa0296\" data-element_type=\"widget\" data-e-type=\"widget\" data-widget_type=\"text-editor.default\">\n\t\t\t\t<div class=\"elementor-widget-container\">\n\t\t\t\t\t\t\t\t\t<p>Regelbundet bottenunderh\u00e5ll \u00e4r viktigt f\u00f6r b\u00e5tens prestanda, br\u00e4nsleekonomi och livsl\u00e4ngd. Vikom Marina Oy Ab erbjuder professionella bottenreng\u00f6rings- och m\u00e5lningstj\u00e4nster f\u00f6r att s\u00e4kerst\u00e4lla att din b\u00e5t fungerar optimalt under sommar- och vinterf\u00f6rvaringen.<\/p>\t\t\t\t\t\t\t\t<\/div>\n\t\t\t\t<\/div>\n\t\t\t\t<\/div>\n\t\t<div class=\"elementor-element elementor-element-62f5f20 e-grid e-con-full e-con e-child\" data-id=\"62f5f20\" data-element_type=\"container\" data-e-type=\"container\" data-settings=\"{&quot;jet_parallax_layout_list&quot;:[]}\">\n\t\t<div class=\"elementor-element elementor-element-b60b441 e-con-full e-flex e-con e-child\" data-id=\"b60b441\" data-element_type=\"container\" data-e-type=\"container\" data-settings=\"{&quot;jet_parallax_layout_list&quot;:[],&quot;background_background&quot;:&quot;classic&quot;}\">\n\t\t<div class=\"elementor-element elementor-element-928ceec e-con-full e-flex e-con e-child\" data-id=\"928ceec\" data-element_type=\"container\" data-e-type=\"container\" data-settings=\"{&quot;jet_parallax_layout_list&quot;:[]}\">\n\t\t\t\t<div class=\"elementor-element elementor-element-d19651e elementor-widget elementor-widget-heading\" data-id=\"d19651e\" data-element_type=\"widget\" data-e-type=\"widget\" data-widget_type=\"heading.default\">\n\t\t\t\t<div class=\"elementor-widget-container\">\n\t\t\t\t\t<h3 class=\"elementor-heading-title elementor-size-default\">Sommartv\u00e4tt<\/h3>\t\t\t\t<\/div>\n\t\t\t\t<\/div>\n\t\t\t\t<div class=\"elementor-element elementor-element-87e7338 elementor-widget elementor-widget-heading\" data-id=\"87e7338\" data-element_type=\"widget\" data-e-type=\"widget\" data-widget_type=\"heading.default\">\n\t\t\t\t<div class=\"elementor-widget-container\">\n\t\t\t\t\t<div class=\"elementor-heading-title elementor-size-default\">En effektiv l\u00f6sning under b\u00e5ts\u00e4songen<\/div>\t\t\t\t<\/div>\n\t\t\t\t<\/div>\n\t\t\t\t<\/div>\n\t\t\t\t<div class=\"elementor-element elementor-element-a4cbf5e elementor-widget elementor-widget-text-editor\" data-id=\"a4cbf5e\" data-element_type=\"widget\" data-e-type=\"widget\" data-widget_type=\"text-editor.default\">\n\t\t\t\t<div class=\"elementor-widget-container\">\n\t\t\t\t\t\t\t\t\t<p>Under sommars\u00e4songen ansamlas smuts, alger och v\u00e4xtlighet p\u00e5 b\u00e5tens botten, vilket minskar prestandan och \u00f6kar br\u00e4nslef\u00f6rbrukningen. <strong>Vikoms sommartv\u00e4tt f\u00f6r b\u00e5tbotten avl\u00e4gsnar f\u00f6roreningar snabbt och effektivt<\/strong>, vilket f\u00f6rb\u00e4ttrar b\u00e5thanteringen och minskar motst\u00e5ndet i vattnet.<\/p><p>\u2714 <strong>Smidigare och snabbare b\u00e5t<\/strong> &#8211; minskar vattenmotst\u00e5ndet och f\u00f6rb\u00e4ttrar k\u00f6rbarheten<br>\u2714 <strong>Br\u00e4nslebesparingar<\/strong> &#8211; mindre friktion inneb\u00e4r mer ekonomisk b\u00e5tk\u00f6rning<br>\u2714 <strong>Milj\u00f6v\u00e4nligt alternativ<\/strong> &#8211; regelbunden reng\u00f6ring minskar m\u00e4ngden skadliga \u00e4mnen som hamnar i vattendragen<br>\u2714 <strong>Tv\u00e4tt tar mindre \u00e4n 30 minuter vanligtvis<\/strong><\/p><p><strong>Fr\u00e5n 100 \u20ac.<\/strong><\/p>\t\t\t\t\t\t\t\t<\/div>\n\t\t\t\t<\/div>\n\t\t\t\t<\/div>\n\t\t<div class=\"elementor-element elementor-element-10b2cc6 e-con-full e-flex e-con e-child\" data-id=\"10b2cc6\" data-element_type=\"container\" data-e-type=\"container\" data-settings=\"{&quot;jet_parallax_layout_list&quot;:[],&quot;background_background&quot;:&quot;classic&quot;}\">\n\t\t<div class=\"elementor-element elementor-element-13507c4 e-con-full e-flex e-con e-child\" data-id=\"13507c4\" data-element_type=\"container\" data-e-type=\"container\" data-settings=\"{&quot;jet_parallax_layout_list&quot;:[]}\">\n\t\t\t\t<div class=\"elementor-element elementor-element-9ca3e13 elementor-widget elementor-widget-heading\" data-id=\"9ca3e13\" data-element_type=\"widget\" data-e-type=\"widget\" data-widget_type=\"heading.default\">\n\t\t\t\t<div class=\"elementor-widget-container\">\n\t\t\t\t\t<h3 class=\"elementor-heading-title elementor-size-default\">Tv\u00e4tta och m\u00e5la golvet<\/h3>\t\t\t\t<\/div>\n\t\t\t\t<\/div>\n\t\t\t\t<div class=\"elementor-element elementor-element-0e23fd0 elementor-widget elementor-widget-heading\" data-id=\"0e23fd0\" data-element_type=\"widget\" data-e-type=\"widget\" data-widget_type=\"heading.default\">\n\t\t\t\t<div class=\"elementor-widget-container\">\n\t\t\t\t\t<div class=\"elementor-heading-title elementor-size-default\">Underh\u00e5ll din b\u00e5t under vinterf\u00f6rvaringen<\/div>\t\t\t\t<\/div>\n\t\t\t\t<\/div>\n\t\t\t\t<\/div>\n\t\t\t\t<div class=\"elementor-element elementor-element-8a49c23 elementor-widget elementor-widget-text-editor\" data-id=\"8a49c23\" data-element_type=\"widget\" data-e-type=\"widget\" data-widget_type=\"text-editor.default\">\n\t\t\t\t<div class=\"elementor-widget-container\">\n\t\t\t\t\t\t\t\t\t<p>N\u00e4r b\u00e5ten lyfts upp i dockan f\u00f6r vinterf\u00f6rvaring \u00e4r det ett perfekt tillf\u00e4lle att ge den en <strong>ordentlig bottentv\u00e4tt och, om det beh\u00f6vs, ett lager giftig f\u00e4rg.<\/strong> Vikom Marina Oy Ab tar hand om tv\u00e4tt och m\u00e5lning av din b\u00e5ts botten, s\u00e5 att din b\u00e5t \u00e4r redo f\u00f6r n\u00e4sta s\u00e4song utan \u00f6verdriven tillv\u00e4xt eller slitage.<\/p><p>\u2714 <strong>Grundlig tv\u00e4tt<\/strong> &#8211; tar bort alger, havstulpaner och andra f\u00f6roreningar<br>\u2714 <strong>Giftig f\u00e4rg<\/strong> &#8211; skyddar b\u00e5tens botten fr\u00e5n v\u00e4xtlighet och f\u00f6rb\u00e4ttrar h\u00e5llbarheten<br>\u2714 <strong>L\u00e5ngsiktigt skydd<\/strong> &#8211; mindre underh\u00e5ll och b\u00e4ttre prestanda s\u00e4song efter s\u00e4song<\/p>\t\t\t\t\t\t\t\t<\/div>\n\t\t\t\t<\/div>\n\t\t\t\t<\/div>\n\t\t\t\t<\/div>\n\t\t\t\t\t<\/div>\n\t\t\t\t<\/div>\n\t\t<a class=\"elementor-element elementor-element-22e64e75 osiopadding e-flex e-con-boxed e-con e-parent\" data-id=\"22e64e75\" data-element_type=\"container\" data-e-type=\"container\" data-settings=\"{&quot;background_background&quot;:&quot;classic&quot;,&quot;jet_parallax_layout_list&quot;:[]}\" href=\"https:\/\/vikommarina.fi\/yhteystiedot\/\">\n\t\t\t\t\t<div class=\"e-con-inner\">\n\t\t\t\t<div class=\"elementor-element elementor-element-3e68ca72 elementor-widget elementor-widget-heading\" data-id=\"3e68ca72\" data-element_type=\"widget\" data-e-type=\"widget\" data-widget_type=\"heading.default\">\n\t\t\t\t<div class=\"elementor-widget-container\">\n\t\t\t\t\t<h2 class=\"elementor-heading-title elementor-size-default\">Boka din b\u00e5tbottentv\u00e4tt och m\u00e5lning i god tid i f\u00f6rv\u00e4g!  <\/h2>\t\t\t\t<\/div>\n\t\t\t\t<\/div>\n\t\t\t\t<div class=\"elementor-element elementor-element-1fc48e5 elementor-widget elementor-widget-text-editor\" data-id=\"1fc48e5\" data-element_type=\"widget\" data-e-type=\"widget\" data-widget_type=\"text-editor.default\">\n\t\t\t\t<div class=\"elementor-widget-container\">\n\t\t\t\t\t\t\t\t\t<p>Vikom Marina Oy Ab erbjuder omfattande underh\u00e5llstj\u00e4nster f\u00f6r b\u00e5tar i hj\u00e4rtat av Nauvoo sk\u00e4rg\u00e5rd. Kontakta oss och h\u00e5ll din b\u00e5t i toppskick!  <\/p>\t\t\t\t\t\t\t\t<\/div>\n\t\t\t\t<\/div>\n\t\t\t\t\t<\/div>\n\t\t\t\t<\/a>\n\t\t\t\t<\/div>\n\t\t","protected":false},"excerpt":{"rendered":"<p>Tv\u00e4ttning och m\u00e5lning av b\u00e5tens botten H\u00e5ll din b\u00e5t i toppskick \u00e5ret runt Regelbundet bottenunderh\u00e5ll \u00e4r viktigt f\u00f6r b\u00e5tens prestanda, br\u00e4nsleekonomi och livsl\u00e4ngd. Vikom Marina Oy Ab erbjuder professionella bottenreng\u00f6rings- och m\u00e5lningstj\u00e4nster f\u00f6r att s\u00e4kerst\u00e4lla att din b\u00e5t fungerar optimalt under sommar- och vinterf\u00f6rvaringen. Sommartv\u00e4tt En effektiv l\u00f6sning under b\u00e5ts\u00e4songen Under sommars\u00e4songen ansamlas smuts, alger [&hellip;]<\/p>\n","protected":false},"author":1,"featured_media":0,"parent":668,"menu_order":0,"comment_status":"closed","ping_status":"closed","template":"","meta":{"footnotes":""},"class_list":["post-680","page","type-page","status-publish","hentry"],"_links":{"self":[{"href":"https:\/\/vikommarina.fi\/sv\/wp-json\/wp\/v2\/pages\/680","targetHints":{"allow":["GET"]}}],"collection":[{"href":"https:\/\/vikommarina.fi\/sv\/wp-json\/wp\/v2\/pages"}],"about":[{"href":"https:\/\/vikommarina.fi\/sv\/wp-json\/wp\/v2\/types\/page"}],"author":[{"embeddable":true,"href":"https:\/\/vikommarina.fi\/sv\/wp-json\/wp\/v2\/users\/1"}],"replies":[{"embeddable":true,"href":"https:\/\/vikommarina.fi\/sv\/wp-json\/wp\/v2\/comments?post=680"}],"version-history":[{"count":1,"href":"https:\/\/vikommarina.fi\/sv\/wp-json\/wp\/v2\/pages\/680\/revisions"}],"predecessor-version":[{"id":681,"href":"https:\/\/vikommarina.fi\/sv\/wp-json\/wp\/v2\/pages\/680\/revisions\/681"}],"up":[{"embeddable":true,"href":"https:\/\/vikommarina.fi\/sv\/wp-json\/wp\/v2\/pages\/668"}],"wp:attachment":[{"href":"https:\/\/vikommarina.fi\/sv\/wp-json\/wp\/v2\/media?parent=680"}],"curies":[{"name":"wp","href":"https:\/\/api.w.org\/{rel}","templated":true}]}}